{"id":192,"date":"2019-07-13T20:45:37","date_gmt":"2019-07-13T20:45:37","guid":{"rendered":"http:\/\/sr.sns.network\/?page_id=192"},"modified":"2023-10-03T08:54:46","modified_gmt":"2023-10-03T08:54:46","slug":"schurmetg-da-datas","status":"publish","type":"page","link":"https:\/\/www.surselva-romontscha.ch\/?page_id=192","title":{"rendered":"Impressum e protecziun da datas"},"content":{"rendered":"\n<h3 class=\"wp-block-heading\">Grundlegendes<\/h3>\n\n\n\n<p>Diese Datenschutzerkl\u00e4rung soll die Nutzer dieser Website \u00fcber die Art, den Umfang und den Zweck der Erhebung und Verwendung personenbezogener Daten durch den Websitebetreiber informieren.<\/p>\n\n\n\n<h3 class=\"wp-block-heading\">Zugriffsdaten<\/h3>\n\n\n\n<p>Wir, der Websitebetreiber bzw. Seitenprovider, erheben aufgrund unseres berechtigten Interesses (s. Art. 6 Abs. 1 lit. f. DSGVO) Daten \u00fcber Zugriffe auf die Website und speichern diese in Form von Server-Protokolldateien (Logfiles) auf dem Server der Website ab. Folgende Daten werden so protokolliert:<\/p>\n\n\n\n<p>&#8211; Besuchte Website<\/p>\n\n\n\n<p>&#8211; Uhrzeit zum Zeitpunkt des Zugriffes<\/p>\n\n\n\n<p>&#8211; Menge der gesendeten Daten in Byte<\/p>\n\n\n\n<p>&#8211; Quelle\/Verweis, von welchem Sie auf die Seite gelangten<\/p>\n\n\n\n<p>&#8211; Verwendeter Browser<\/p>\n\n\n\n<p>&#8211; Verwendetes Betriebssystem<\/p>\n\n\n\n<p>&#8211; Verwendete IP-Adresse<\/p>\n\n\n\n<p>Die Speicherung der Daten erfolgt aus Sicherheitsgr\u00fcnden, um z. B. Missbrauchsf\u00e4lle aufkl\u00e4ren zu k\u00f6nnen oder Angriffe abzuwehren. M\u00fcssen Daten aus Beweisgr\u00fcnden aufgehoben werden, sind sie solange von der L\u00f6schung ausgenommen bis der Vorfall endg\u00fcltig gekl\u00e4rt ist.<\/p>\n\n\n\n<h3 class=\"wp-block-heading\">Cookies<\/h3>\n\n\n\n<p>Diese Web\u00adsite ver\u00adwen\u00addet Coo\u00adkies. Coo\u00adkies sind Dateien, die beim Be\u00adsuch die\u00adser Web\u00adsite in Ihrem Com\u00adpu\u00adter dau\u00ader\u00adhaft oder tem\u00adpo\u00adr\u00e4r ge\u00adspei\u00adchert werden. Zweck der Coo\u00adkies ist ins\u00adbe\u00adson\u00adde\u00adre die Analyse der Nut\u00adzung die\u00adser Web\u00adsite zur sta\u00adtis\u00adti\u00adschen Aus\u00adwer\u00adtung sowie f\u00fcr kon\u00adti\u00adnu\u00adier\u00adli\u00adche Ver\u00adbes\u00adse\u00adrun\u00adgen. In Ihrem Brow\u00adser k\u00f6n\u00adnen Sie Coo\u00adkies in den Ein\u00adstel\u00adlun\u00adgen je\u00adder\u00adzeit ganz oder teil\u00adwei\u00adse de\u00adak\u00adti\u00advie\u00adren. Bei de\u00adak\u00adti\u00advier\u00adten Coo\u00adkies ste\u00adhen Ihnen al\u00adlen\u00adfalls nicht mehr alle Funk\u00adtio\u00adnen die\u00adser Web\u00adsite zur Ver\u00adf\u00fcgu\u00adng.<\/p>\n\n\n\n<h3 class=\"wp-block-heading\">Umgang mit Kontaktdaten<\/h3>\n\n\n\n<p>Nehmen Sie mit uns als Websitebetreiber durch die angebotenen Kontaktm\u00f6glichkeiten Verbindung auf, werden Ihre Angaben gespeichert, damit auf diese zur Bearbeitung und Beantwortung Ihrer Anfrage zur\u00fcckgegriffen werden kann. Ohne Ihre Einwilligung werden diese Daten nicht an Dritte weitergegeben.<\/p>\n\n\n\n<h3 class=\"wp-block-heading\">Haftungsausschluss<\/h3>\n\n\n\n<p>Alle Angaben auf unserer Website wurden sorgf\u00e4ltig gepr\u00fcft. Wir sind bem\u00fcht, daf\u00fcr Sorge zu tragen, dass die von uns bereitgestellten Informationen aktuell, richtig und vollst\u00e4ndig sind. Dennoch ist das Auftreten von Fehlern nicht v\u00f6llig auszuschliessen, so dass wir f\u00fcr die Vollst\u00e4ndigkeit, Richtigkeit und Aktualit\u00e4t der Informationen, auch journalistisch-redaktioneller Art, keine Gew\u00e4hr \u00fcbernehmen k\u00f6nnen. Haftungsanspr\u00fcche, die sich auf Sch\u00e4den materieller oder ideeller Art beziehen, welche durch die Nutzung oder Nichtnutzung der dargebotenen Informationen bzw. durch die Nutzung fehlerhafter und unvollst\u00e4ndiger Informationen verursacht wurden, sind grunds\u00e4tzlich ausgeschlossen.<br>Der Herausgeber kann Texte nach eigenem Ermessen und ohne vorherige Ank\u00fcndigung \u00e4ndern oder l\u00f6schen und ist nicht dazu verpflichtet, die Inhalte dieser Website zu aktualisieren. Die Nutzung dieser Website bzw. der Zugang zu ihr erfolgt auf eigenes Risiko des Besuchers. Der Herausgeber, seine Kunden oder Partner sind nicht verantwortlich f\u00fcr Sch\u00e4den, wie z.B. direkte, indirekte, zuf\u00e4llige oder Folgesch\u00e4den, die angeblich durch den Besuch dieser Website verursacht wurden und \u00fcbernehmen folglich keine Haftung f\u00fcr solche Sch\u00e4den.<br>Der Herausgeber \u00fcbernimmt auch keine Verantwortung oder Haftung f\u00fcr den Inhalt und die Verf\u00fcgbarkeit von Websites Dritter, die \u00fcber externe Links von dieser Website aus erreicht werden k\u00f6nnen. F\u00fcr den Inhalt der verlinkten Seiten sind ausschliesslich deren Betreiber verantwortlich. Der Herausgeber distanziert sich daher ausdr\u00fccklich von allen fremden Inhalten, die m\u00f6glicherweise straf- oder haftungsrechtlich relevant sind oder gegen die guten Sitten verstossen.<\/p>\n\n\n\n<h3 class=\"wp-block-heading\">Daten\u00fcbermittlung in die USA<\/h3>\n\n\n\n<p>Auf unserer Website sind u.a. Tools von Unternehmen mit Sitz in den USA eingebunden. Wenn diese Tools aktiv sind, k\u00f6nnen Ihre personenbezogenen Daten an die US-Server der jeweiligen Unternehmen \u00fcbertragen werden. Wir weisen darauf hin, dass die USA kein sicherer Drittstaat im Sinne des EU-Datenschutzrechts sind. US-Unternehmen sind verpflichtet, personenbezogene Daten an Sicherheitsbeh\u00f6rden herauszugeben, ohne dass Sie als Betroffener dagegen rechtlich vorgehen k\u00f6nnen. Es kann daher nicht ausgeschlossen werden, dass US-Beh\u00f6rden (z.B. Geheimdienste) Ihre auf US-Servern befindlichen Daten zu \u00dcberwachungszwecken verarbeiten, auswerten und dauerhaft speichern. Auf diese Verarbeitungsvorg\u00e4nge haben wir keinen Einfluss.<\/p>\n\n\n\n<h3 class=\"wp-block-heading\">\u00c4nderungen<\/h3>\n\n\n\n<p>Wir k\u00f6nnen diese Datenschutzrichtlinie jederzeit ohne vorherige Ank\u00fcndigung \u00e4ndern. Es gilt die jeweils aktuelle, auf unserer Website ver\u00f6ffentlichte Fassung. Soweit die Datenschutzerkl\u00e4rung Teil einer Vereinbarung mit Ihnen ist, werden wir Sie im Falle einer Aktualisierung per E-Mail oder auf andere geeignete Weise \u00fcber die \u00c4nderung informieren.<\/p>\n\n\n\n<h3 class=\"wp-block-heading\">Verantwortlich f\u00fcr den Inhalt<\/h3>\n\n\n\n<p>Surselva Romontscha<br>info(at)surselva-romontscha.ch<br>www.surselva-romontscha.ch<\/p>\n\n\n\n<p>Wenn Sie Fragen zum Datenschutz haben, wenn Sie Informationen w\u00fcnschen oder die L\u00f6schung Ihrer personenbezogenen Daten beantragen m\u00f6chten, wenden Sie sich bitte per E-Mail an i.kobelt@bluewin.ch. Alternativ k\u00f6nnen Sie schreiben an:<\/p>\n\n\n\n<p>Surselva Romontscha<br>Toni Vinzens<br>Via da Siat 9<br>7156 Rueun<\/p>\n\n\n\n<h3 class=\"wp-block-heading\">Verantwortlich f\u00fcr technische Anliegen<\/h3>\n\n\n\n<p>Marc Sol\u00e8r<br>marcesoler(at)sns.network<\/p>\n\n\n\n<h3 class=\"wp-block-heading\">Fotos<\/h3>\n\n\n\n<p>&#8211; Surselva Romontscha<\/p>\n\n\n\n<p>&#8211; https:\/\/de.wikipedia.org\/wiki\/Benutzer:Tschubby (Landkarte auf der Startseite)<\/p>\n","protected":false},"excerpt":{"rendered":"<p>Grundlegendes Diese Datenschutzerkl\u00e4rung soll die Nutzer dieser Website \u00fcber die Art, den Umfang und den Zweck der Erhebung und Verwendung personenbezogener Daten durch den Websitebetreiber informieren. Zugriffsdaten Wir, der Websitebetreiber &#8230;<\/p>\n","protected":false},"author":2,"featured_media":0,"parent":0,"menu_order":7,"comment_status":"closed","ping_status":"closed","template":"","meta":{"footnotes":""},"class_list":["post-192","page","type-page","status-publish","hentry"],"jetpack_sharing_enabled":true,"_links":{"self":[{"href":"https:\/\/www.surselva-romontscha.ch\/index.php?rest_route=\/wp\/v2\/pages\/192","targetHints":{"allow":["GET"]}}],"collection":[{"href":"https:\/\/www.surselva-romontscha.ch\/index.php?rest_route=\/wp\/v2\/pages"}],"about":[{"href":"https:\/\/www.surselva-romontscha.ch\/index.php?rest_route=\/wp\/v2\/types\/page"}],"author":[{"embeddable":true,"href":"https:\/\/www.surselva-romontscha.ch\/index.php?rest_route=\/wp\/v2\/users\/2"}],"replies":[{"embeddable":true,"href":"https:\/\/www.surselva-romontscha.ch\/index.php?rest_route=%2Fwp%2Fv2%2Fcomments&post=192"}],"version-history":[{"count":8,"href":"https:\/\/www.surselva-romontscha.ch\/index.php?rest_route=\/wp\/v2\/pages\/192\/revisions"}],"predecessor-version":[{"id":860,"href":"https:\/\/www.surselva-romontscha.ch\/index.php?rest_route=\/wp\/v2\/pages\/192\/revisions\/860"}],"wp:attachment":[{"href":"https:\/\/www.surselva-romontscha.ch\/index.php?rest_route=%2Fwp%2Fv2%2Fmedia&parent=192"}],"curies":[{"name":"wp","href":"https:\/\/api.w.org\/{rel}","templated":true}]}}